{"id":14,"date":"2026-03-09T22:57:48","date_gmt":"2026-03-09T21:57:48","guid":{"rendered":"https:\/\/mjakmatma.pl\/o-nas\/"},"modified":"2026-03-12T17:34:19","modified_gmt":"2026-03-12T16:34:19","slug":"o-nas","status":"publish","type":"page","link":"https:\/\/mjakmatma.pl\/en\/o-nas\/","title":{"rendered":"O nas"},"content":{"rendered":"<div class=\"wp-block-group alignfull is-style-ext-preset--group--natural-1--section has-background-background-color has-background has-global-padding is-layout-constrained wp-container-core-group-is-layout-6714b1d7 wp-block-group-is-layout-constrained\" id=\"about\" style=\"margin-top:0;margin-bottom:0;padding-top:var(--wp--preset--spacing--70);padding-bottom:var(--wp--preset--spacing--70)\">\n<h2 class=\"wp-block-heading has-text-align-center ext-animate--on\">Najpe\u0142niejsze \u017ar\u00f3d\u0142o wiedzy z matematyki<\/h2>\n\n\n\n<p class=\"has-text-align-center ext-animate--on\" style=\"margin-top:1.5rem\">Strona prezentuje misj\u0119 M jak Matma (M jak Matura), koncentruj\u0105c si\u0119 na wsparciu uczni\u00f3w w przygotowaniach do matury podstawowej z matematyki. Strona zawiera wszystkie cenne informacje skumulowane w jednym miejscu &#8211; Podstawowe wiadomo\u015bci CKE, przydatne \u017ar\u00f3d\u0142a, zagadnienia teoretyczne oraz zadania maturalne.<\/p>\n\n\n\n<p class=\"has-text-align-center ext-animate--on\">Strona powsta\u0142a w ramach realizacji pr\u00f3b na naramiennik w\u0119drowniczy oraz stopie\u0144 Harcerza Rzeczypospolitej Zwi\u0105zku Harcerstwa Polskiego.<\/p>\n\n\n\n<div class=\"wp-block-columns alignwide is-layout-flex wp-container-core-columns-is-layout-28f84493 wp-block-columns-is-layout-flex\">\n<div class=\"wp-block-column ext-animate--on is-layout-flow wp-block-column-is-layout-flow\">\n<figure class=\"wp-block-image is-style-ext-preset-image-natural-1-image-1--content-bottom is-style-ext-preset--image--natural-1--image-1--content-bottom is-style-ext-preset--image--natural-1--image-1--content-bottom--2\"><img loading=\"lazy\" decoding=\"async\" width=\"1080\" height=\"608\" src=\"https:\/\/mjakmatma.pl\/wp-content\/uploads\/2026\/03\/image-2.jpg\" alt=\"\" class=\"wp-image-167\" style=\"aspect-ratio:3\/4;object-fit:cover\" srcset=\"https:\/\/mjakmatma.pl\/wp-content\/uploads\/2026\/03\/image-2.jpg 1080w, https:\/\/mjakmatma.pl\/wp-content\/uploads\/2026\/03\/image-2-300x169.jpg 300w, https:\/\/mjakmatma.pl\/wp-content\/uploads\/2026\/03\/image-2-1024x576.jpg 1024w, https:\/\/mjakmatma.pl\/wp-content\/uploads\/2026\/03\/image-2-768x432.jpg 768w, https:\/\/mjakmatma.pl\/wp-content\/uploads\/2026\/03\/image-2-18x10.jpg 18w\" sizes=\"auto, (max-width: 1080px) 100vw, 1080px\" \/><\/figure>\n<\/div>\n\n\n\n<div class=\"wp-block-column ext-animate--on is-layout-flow wp-block-column-is-layout-flow\">\n<figure class=\"wp-block-image is-style-ext-preset-image-natural-1-image-1--content-bottom is-style-ext-preset--image--natural-1--image-1--content-bottom is-style-ext-preset--image--natural-1--image-1--content-bottom--3\"><img loading=\"lazy\" decoding=\"async\" width=\"1080\" height=\"1620\" src=\"https:\/\/mjakmatma.pl\/wp-content\/uploads\/2026\/03\/image.jpg\" alt=\"\" class=\"wp-image-165\" style=\"aspect-ratio:3\/4;object-fit:cover\" srcset=\"https:\/\/mjakmatma.pl\/wp-content\/uploads\/2026\/03\/image.jpg 1080w, https:\/\/mjakmatma.pl\/wp-content\/uploads\/2026\/03\/image-200x300.jpg 200w, https:\/\/mjakmatma.pl\/wp-content\/uploads\/2026\/03\/image-683x1024.jpg 683w, https:\/\/mjakmatma.pl\/wp-content\/uploads\/2026\/03\/image-768x1152.jpg 768w, https:\/\/mjakmatma.pl\/wp-content\/uploads\/2026\/03\/image-1024x1536.jpg 1024w, https:\/\/mjakmatma.pl\/wp-content\/uploads\/2026\/03\/image-8x12.jpg 8w\" sizes=\"auto, (max-width: 1080px) 100vw, 1080px\" \/><\/figure>\n<\/div>\n\n\n\n<div class=\"wp-block-column ext-animate--on is-layout-flow wp-block-column-is-layout-flow\">\n<figure class=\"wp-block-image is-style-ext-preset-image-natural-1-image-1--content-bottom is-style-ext-preset--image--natural-1--image-1--content-bottom is-style-ext-preset--image--natural-1--image-1--content-bottom--4\"><img loading=\"lazy\" decoding=\"async\" width=\"1440\" height=\"1080\" src=\"https:\/\/mjakmatma.pl\/wp-content\/uploads\/2026\/03\/a6dbca20ed7c5b7b115d516f92e049fe568e6993.jpg\" alt=\"\" class=\"wp-image-46\" style=\"aspect-ratio:3\/4;object-fit:cover\" srcset=\"https:\/\/mjakmatma.pl\/wp-content\/uploads\/2026\/03\/a6dbca20ed7c5b7b115d516f92e049fe568e6993.jpg 1440w, https:\/\/mjakmatma.pl\/wp-content\/uploads\/2026\/03\/a6dbca20ed7c5b7b115d516f92e049fe568e6993-300x225.jpg 300w, https:\/\/mjakmatma.pl\/wp-content\/uploads\/2026\/03\/a6dbca20ed7c5b7b115d516f92e049fe568e6993-1024x768.jpg 1024w, https:\/\/mjakmatma.pl\/wp-content\/uploads\/2026\/03\/a6dbca20ed7c5b7b115d516f92e049fe568e6993-768x576.jpg 768w, https:\/\/mjakmatma.pl\/wp-content\/uploads\/2026\/03\/a6dbca20ed7c5b7b115d516f92e049fe568e6993-16x12.jpg 16w\" sizes=\"auto, (max-width: 1440px) 100vw, 1440px\" \/><\/figure>\n<\/div>\n<\/div>\n<\/div>","protected":false},"excerpt":{"rendered":"<p>Najpe\u0142niejsze \u017ar\u00f3d\u0142o wiedzy z matematyki Strona prezentuje misj\u0119 M jak Matma (M jak Matura), koncentruj\u0105c si\u0119 na wsparciu uczni\u00f3w w przygotowaniach do matury podstawowej z matematyki. Strona zawiera wszystkie cenne informacje skumulowane w jednym miejscu &#8211; Podstawowe wiadomo\u015bci CKE, przydatne \u017ar\u00f3d\u0142a, zagadnienia teoretyczne oraz zadania maturalne. Strona powsta\u0142a w ramach realizacji pr\u00f3b na naramiennik w\u0119drowniczy [&hellip;]<\/p>\n","protected":false},"author":1,"featured_media":0,"parent":0,"menu_order":0,"comment_status":"closed","ping_status":"closed","template":"page-with-title","meta":{"footnotes":""},"class_list":["post-14","page","type-page","status-publish","hentry"],"_links":{"self":[{"href":"https:\/\/mjakmatma.pl\/en\/wp-json\/wp\/v2\/pages\/14","targetHints":{"allow":["GET"]}}],"collection":[{"href":"https:\/\/mjakmatma.pl\/en\/wp-json\/wp\/v2\/pages"}],"about":[{"href":"https:\/\/mjakmatma.pl\/en\/wp-json\/wp\/v2\/types\/page"}],"author":[{"embeddable":true,"href":"https:\/\/mjakmatma.pl\/en\/wp-json\/wp\/v2\/users\/1"}],"replies":[{"embeddable":true,"href":"https:\/\/mjakmatma.pl\/en\/wp-json\/wp\/v2\/comments?post=14"}],"version-history":[{"count":2,"href":"https:\/\/mjakmatma.pl\/en\/wp-json\/wp\/v2\/pages\/14\/revisions"}],"predecessor-version":[{"id":168,"href":"https:\/\/mjakmatma.pl\/en\/wp-json\/wp\/v2\/pages\/14\/revisions\/168"}],"wp:attachment":[{"href":"https:\/\/mjakmatma.pl\/en\/wp-json\/wp\/v2\/media?parent=14"}],"curies":[{"name":"wp","href":"https:\/\/api.w.org\/{rel}","templated":true}]}}