{"id":108,"date":"2026-03-11T00:29:26","date_gmt":"2026-03-10T23:29:26","guid":{"rendered":"https:\/\/mjakmatma.pl\/geometria-analityczna\/"},"modified":"2026-03-12T17:01:38","modified_gmt":"2026-03-12T16:01:38","slug":"geometria-analityczna","status":"publish","type":"page","link":"https:\/\/mjakmatma.pl\/en\/geometria-analityczna\/","title":{"rendered":"Geometria analityczna"},"content":{"rendered":"<div class=\"wp-block-group alignfull is-style-ext-preset--group--natural-1--section has-background-background-color has-background has-global-padding is-layout-constrained wp-container-core-group-is-layout-e955bbaf wp-block-group-is-layout-constrained\" id=\"resources\" style=\"margin-top:0;margin-bottom:0;padding-top:var(--wp--preset--spacing--70);padding-bottom:var(--wp--preset--spacing--70)\">\n<div class=\"wp-block-columns alignwide is-layout-flex wp-container-core-columns-is-layout-08c01c1c wp-block-columns-is-layout-flex\">\n<div class=\"wp-block-column is-vertically-aligned-stretch ext-animate--on is-layout-flow wp-container-core-column-is-layout-f5bb311e wp-block-column-is-layout-flow\">\n<div class=\"wp-block-group is-style-ext-preset--group--natural-1--item-card-1--align-center has-global-padding is-layout-constrained wp-block-group-is-layout-constrained is-style-ext-preset--group--natural-1--item-card-1--align-center--2\">\n<figure class=\"wp-block-image aligncenter size-large ext-aspect-landscape\"><img loading=\"lazy\" decoding=\"async\" width=\"1107\" height=\"1440\" src=\"https:\/\/mjakmatma.pl\/wp-content\/uploads\/2026\/03\/b95a80a95b073c4ff3e75f2cbcac84a9a2a18dfc.jpg\" alt=\"\" class=\"wp-image-75\" style=\"aspect-ratio:4\/3;object-fit:cover\" srcset=\"https:\/\/mjakmatma.pl\/wp-content\/uploads\/2026\/03\/b95a80a95b073c4ff3e75f2cbcac84a9a2a18dfc.jpg 1107w, https:\/\/mjakmatma.pl\/wp-content\/uploads\/2026\/03\/b95a80a95b073c4ff3e75f2cbcac84a9a2a18dfc-231x300.jpg 231w, https:\/\/mjakmatma.pl\/wp-content\/uploads\/2026\/03\/b95a80a95b073c4ff3e75f2cbcac84a9a2a18dfc-787x1024.jpg 787w, https:\/\/mjakmatma.pl\/wp-content\/uploads\/2026\/03\/b95a80a95b073c4ff3e75f2cbcac84a9a2a18dfc-768x999.jpg 768w, https:\/\/mjakmatma.pl\/wp-content\/uploads\/2026\/03\/b95a80a95b073c4ff3e75f2cbcac84a9a2a18dfc-9x12.jpg 9w\" sizes=\"auto, (max-width: 1107px) 100vw, 1107px\" \/><\/figure>\n\n\n\n<div class=\"wp-block-group is-style-default has-global-padding is-layout-constrained wp-block-group-is-layout-constrained\">\n<h3 class=\"wp-block-heading has-text-align-center\">O maturze<\/h3>\n\n\n\n<div class=\"wp-block-buttons is-content-justification-center is-layout-flex wp-container-core-buttons-is-layout-a89b3969 wp-block-buttons-is-layout-flex\">\n<div class=\"wp-block-button is-style-ext-preset--button--natural-1--button-1 is-style-ext-preset--button--natural-1--button-1--3\"><a class=\"wp-block-button__link wp-element-button\" href=\"https:\/\/mjakmatma.pl\/en\/o-maturze\/\">Przejd\u017a do dzia\u0142u<\/a><\/div>\n<\/div>\n<\/div>\n<\/div>\n<\/div>\n\n\n\n<div class=\"wp-block-column is-vertically-aligned-stretch ext-animate--on is-layout-flow wp-container-core-column-is-layout-f5bb311e wp-block-column-is-layout-flow\">\n<div class=\"wp-block-group is-style-ext-preset--group--natural-1--item-card-1--align-center has-global-padding is-layout-constrained wp-block-group-is-layout-constrained is-style-ext-preset--group--natural-1--item-card-1--align-center--4\">\n<figure class=\"wp-block-image aligncenter size-large ext-aspect-landscape\"><img loading=\"lazy\" decoding=\"async\" width=\"1440\" height=\"810\" src=\"https:\/\/mjakmatma.pl\/wp-content\/uploads\/2026\/03\/2606686f949f98d800342384aa911120d68b08fa.jpg\" alt=\"\" class=\"wp-image-79\" style=\"aspect-ratio:4\/3;object-fit:cover\" srcset=\"https:\/\/mjakmatma.pl\/wp-content\/uploads\/2026\/03\/2606686f949f98d800342384aa911120d68b08fa.jpg 1440w, https:\/\/mjakmatma.pl\/wp-content\/uploads\/2026\/03\/2606686f949f98d800342384aa911120d68b08fa-300x169.jpg 300w, https:\/\/mjakmatma.pl\/wp-content\/uploads\/2026\/03\/2606686f949f98d800342384aa911120d68b08fa-1024x576.jpg 1024w, https:\/\/mjakmatma.pl\/wp-content\/uploads\/2026\/03\/2606686f949f98d800342384aa911120d68b08fa-768x432.jpg 768w, https:\/\/mjakmatma.pl\/wp-content\/uploads\/2026\/03\/2606686f949f98d800342384aa911120d68b08fa-18x10.jpg 18w\" sizes=\"auto, (max-width: 1440px) 100vw, 1440px\" \/><\/figure>\n\n\n\n<div class=\"wp-block-group is-style-default has-global-padding is-layout-constrained wp-block-group-is-layout-constrained\">\n<h3 class=\"wp-block-heading has-text-align-center\"><strong>Liczby i dzia\u0142ania<\/strong><\/h3>\n\n\n\n<div class=\"wp-block-buttons is-content-justification-center is-layout-flex wp-container-core-buttons-is-layout-a89b3969 wp-block-buttons-is-layout-flex\">\n<div class=\"wp-block-button is-style-ext-preset--button--natural-1--button-1 is-style-ext-preset--button--natural-1--button-1--5\"><a class=\"wp-block-button__link wp-element-button\" href=\"https:\/\/mjakmatma.pl\/en\/liczby-i-dzialania\/\">Przejd\u017a do dzia\u0142u<\/a><\/div>\n<\/div>\n<\/div>\n<\/div>\n<\/div>\n\n\n\n<div class=\"wp-block-column is-vertically-aligned-stretch ext-animate--on is-layout-flow wp-container-core-column-is-layout-f5bb311e wp-block-column-is-layout-flow\">\n<div class=\"wp-block-group is-style-ext-preset--group--natural-1--item-card-1--align-center has-global-padding is-layout-constrained wp-block-group-is-layout-constrained is-style-ext-preset--group--natural-1--item-card-1--align-center--6\">\n<figure class=\"wp-block-image aligncenter size-large ext-aspect-landscape\"><img loading=\"lazy\" decoding=\"async\" width=\"1440\" height=\"810\" src=\"https:\/\/mjakmatma.pl\/wp-content\/uploads\/2026\/03\/7537318fd3e89d7f44de4138639272f90bef054a.jpg\" alt=\"\" class=\"wp-image-76\" style=\"aspect-ratio:4\/3;object-fit:cover\" srcset=\"https:\/\/mjakmatma.pl\/wp-content\/uploads\/2026\/03\/7537318fd3e89d7f44de4138639272f90bef054a.jpg 1440w, https:\/\/mjakmatma.pl\/wp-content\/uploads\/2026\/03\/7537318fd3e89d7f44de4138639272f90bef054a-300x169.jpg 300w, https:\/\/mjakmatma.pl\/wp-content\/uploads\/2026\/03\/7537318fd3e89d7f44de4138639272f90bef054a-1024x576.jpg 1024w, https:\/\/mjakmatma.pl\/wp-content\/uploads\/2026\/03\/7537318fd3e89d7f44de4138639272f90bef054a-768x432.jpg 768w, https:\/\/mjakmatma.pl\/wp-content\/uploads\/2026\/03\/7537318fd3e89d7f44de4138639272f90bef054a-18x10.jpg 18w\" sizes=\"auto, (max-width: 1440px) 100vw, 1440px\" \/><\/figure>\n\n\n\n<div class=\"wp-block-group is-style-default has-global-padding is-layout-constrained wp-block-group-is-layout-constrained\">\n<h3 class=\"wp-block-heading has-text-align-center\"><strong>Algebra<\/strong><\/h3>\n\n\n\n<div class=\"wp-block-buttons is-content-justification-center is-layout-flex wp-container-core-buttons-is-layout-a89b3969 wp-block-buttons-is-layout-flex\">\n<div class=\"wp-block-button is-style-ext-preset--button--natural-1--button-1 is-style-ext-preset--button--natural-1--button-1--7\"><a class=\"wp-block-button__link wp-element-button\" href=\"https:\/\/mjakmatma.pl\/en\/algebra\/\">Przejd\u017a do dzia\u0142u<\/a><\/div>\n<\/div>\n<\/div>\n<\/div>\n<\/div>\n<\/div>\n\n\n\n<div class=\"wp-block-columns alignwide ext-animate--on is-layout-flex wp-container-core-columns-is-layout-08c01c1c wp-block-columns-is-layout-flex\">\n<div class=\"wp-block-column is-vertically-aligned-stretch ext-animate--on is-layout-flow wp-container-core-column-is-layout-f5bb311e wp-block-column-is-layout-flow\">\n<div class=\"wp-block-group is-style-ext-preset--group--natural-1--item-card-1--align-center ext-animate--on has-global-padding is-layout-constrained wp-block-group-is-layout-constrained is-style-ext-preset--group--natural-1--item-card-1--align-center--8\">\n<figure class=\"wp-block-image aligncenter size-large ext-aspect-landscape ext-animate--on\"><img loading=\"lazy\" decoding=\"async\" width=\"1107\" height=\"1440\" src=\"https:\/\/mjakmatma.pl\/wp-content\/uploads\/2026\/03\/b95a80a95b073c4ff3e75f2cbcac84a9a2a18dfc.jpg\" alt=\"\" class=\"wp-image-75\" style=\"aspect-ratio:4\/3;object-fit:cover\" srcset=\"https:\/\/mjakmatma.pl\/wp-content\/uploads\/2026\/03\/b95a80a95b073c4ff3e75f2cbcac84a9a2a18dfc.jpg 1107w, https:\/\/mjakmatma.pl\/wp-content\/uploads\/2026\/03\/b95a80a95b073c4ff3e75f2cbcac84a9a2a18dfc-231x300.jpg 231w, https:\/\/mjakmatma.pl\/wp-content\/uploads\/2026\/03\/b95a80a95b073c4ff3e75f2cbcac84a9a2a18dfc-787x1024.jpg 787w, https:\/\/mjakmatma.pl\/wp-content\/uploads\/2026\/03\/b95a80a95b073c4ff3e75f2cbcac84a9a2a18dfc-768x999.jpg 768w, https:\/\/mjakmatma.pl\/wp-content\/uploads\/2026\/03\/b95a80a95b073c4ff3e75f2cbcac84a9a2a18dfc-9x12.jpg 9w\" sizes=\"auto, (max-width: 1107px) 100vw, 1107px\" \/><\/figure>\n\n\n\n<div class=\"wp-block-group is-style-default ext-animate--on has-global-padding is-layout-constrained wp-block-group-is-layout-constrained\">\n<h3 class=\"wp-block-heading has-text-align-center ext-animate--on\"><strong>R\u00f3wnania i nier\u00f3wno\u015bci<\/strong><\/h3>\n\n\n\n<div class=\"wp-block-buttons ext-animate--on is-content-justification-center is-layout-flex wp-container-core-buttons-is-layout-a89b3969 wp-block-buttons-is-layout-flex\">\n<div class=\"wp-block-button is-style-ext-preset--button--natural-1--button-1 ext-animate--on is-style-ext-preset--button--natural-1--button-1--9\"><a class=\"wp-block-button__link wp-element-button\" href=\"https:\/\/mjakmatma.pl\/en\/rownania-i-nierownosci\/\">Przejd\u017a do dzia\u0142u<\/a><\/div>\n<\/div>\n<\/div>\n<\/div>\n<\/div>\n\n\n\n<div class=\"wp-block-column is-vertically-aligned-stretch ext-animate--on is-layout-flow wp-container-core-column-is-layout-f5bb311e wp-block-column-is-layout-flow\">\n<div class=\"wp-block-group is-style-ext-preset--group--natural-1--item-card-1--align-center ext-animate--on has-global-padding is-layout-constrained wp-block-group-is-layout-constrained is-style-ext-preset--group--natural-1--item-card-1--align-center--10\">\n<figure class=\"wp-block-image aligncenter size-large ext-aspect-landscape ext-animate--on\"><img loading=\"lazy\" decoding=\"async\" width=\"1440\" height=\"810\" src=\"https:\/\/mjakmatma.pl\/wp-content\/uploads\/2026\/03\/2606686f949f98d800342384aa911120d68b08fa.jpg\" alt=\"\" class=\"wp-image-79\" style=\"aspect-ratio:4\/3;object-fit:cover\" srcset=\"https:\/\/mjakmatma.pl\/wp-content\/uploads\/2026\/03\/2606686f949f98d800342384aa911120d68b08fa.jpg 1440w, https:\/\/mjakmatma.pl\/wp-content\/uploads\/2026\/03\/2606686f949f98d800342384aa911120d68b08fa-300x169.jpg 300w, https:\/\/mjakmatma.pl\/wp-content\/uploads\/2026\/03\/2606686f949f98d800342384aa911120d68b08fa-1024x576.jpg 1024w, https:\/\/mjakmatma.pl\/wp-content\/uploads\/2026\/03\/2606686f949f98d800342384aa911120d68b08fa-768x432.jpg 768w, https:\/\/mjakmatma.pl\/wp-content\/uploads\/2026\/03\/2606686f949f98d800342384aa911120d68b08fa-18x10.jpg 18w\" sizes=\"auto, (max-width: 1440px) 100vw, 1440px\" \/><\/figure>\n\n\n\n<div class=\"wp-block-group is-style-default ext-animate--on has-global-padding is-layout-constrained wp-block-group-is-layout-constrained\">\n<h3 class=\"wp-block-heading has-text-align-center ext-animate--on\"><strong>Funkcje<\/strong><\/h3>\n\n\n\n<div class=\"wp-block-buttons ext-animate--on is-content-justification-center is-layout-flex wp-container-core-buttons-is-layout-a89b3969 wp-block-buttons-is-layout-flex\">\n<div class=\"wp-block-button is-style-ext-preset--button--natural-1--button-1 ext-animate--on is-style-ext-preset--button--natural-1--button-1--11\"><a class=\"wp-block-button__link wp-element-button\" href=\"https:\/\/mjakmatma.pl\/en\/funkcje\/\">Przejd\u017a do dzia\u0142u<\/a><\/div>\n<\/div>\n<\/div>\n<\/div>\n<\/div>\n\n\n\n<div class=\"wp-block-column is-vertically-aligned-stretch ext-animate--on is-layout-flow wp-container-core-column-is-layout-f5bb311e wp-block-column-is-layout-flow\">\n<div class=\"wp-block-group is-style-ext-preset--group--natural-1--item-card-1--align-center ext-animate--on has-global-padding is-layout-constrained wp-block-group-is-layout-constrained is-style-ext-preset--group--natural-1--item-card-1--align-center--12\">\n<figure class=\"wp-block-image aligncenter size-large ext-aspect-landscape ext-animate--on\"><img loading=\"lazy\" decoding=\"async\" width=\"1440\" height=\"810\" src=\"https:\/\/mjakmatma.pl\/wp-content\/uploads\/2026\/03\/7537318fd3e89d7f44de4138639272f90bef054a.jpg\" alt=\"\" class=\"wp-image-76\" style=\"aspect-ratio:4\/3;object-fit:cover\" srcset=\"https:\/\/mjakmatma.pl\/wp-content\/uploads\/2026\/03\/7537318fd3e89d7f44de4138639272f90bef054a.jpg 1440w, https:\/\/mjakmatma.pl\/wp-content\/uploads\/2026\/03\/7537318fd3e89d7f44de4138639272f90bef054a-300x169.jpg 300w, https:\/\/mjakmatma.pl\/wp-content\/uploads\/2026\/03\/7537318fd3e89d7f44de4138639272f90bef054a-1024x576.jpg 1024w, https:\/\/mjakmatma.pl\/wp-content\/uploads\/2026\/03\/7537318fd3e89d7f44de4138639272f90bef054a-768x432.jpg 768w, https:\/\/mjakmatma.pl\/wp-content\/uploads\/2026\/03\/7537318fd3e89d7f44de4138639272f90bef054a-18x10.jpg 18w\" sizes=\"auto, (max-width: 1440px) 100vw, 1440px\" \/><\/figure>\n\n\n\n<div class=\"wp-block-group is-style-default ext-animate--on has-global-padding is-layout-constrained wp-block-group-is-layout-constrained\">\n<h3 class=\"wp-block-heading has-text-align-center ext-animate--on\"><strong>Ci\u0105gi<\/strong><\/h3>\n\n\n\n<div class=\"wp-block-buttons ext-animate--on is-content-justification-center is-layout-flex wp-container-core-buttons-is-layout-a89b3969 wp-block-buttons-is-layout-flex\">\n<div class=\"wp-block-button is-style-ext-preset--button--natural-1--button-1 ext-animate--on is-style-ext-preset--button--natural-1--button-1--13\"><a class=\"wp-block-button__link wp-element-button\" href=\"https:\/\/mjakmatma.pl\/en\/ciagi\/\">Przejd\u017a do dzia\u0142u<\/a><\/div>\n<\/div>\n<\/div>\n<\/div>\n<\/div>\n<\/div>\n<\/div>","protected":false},"excerpt":{"rendered":"<p>O maturze Liczby i dzia\u0142ania Algebra R\u00f3wnania i nier\u00f3wno\u015bci Funkcje Ci\u0105gi<\/p>","protected":false},"author":1,"featured_media":0,"parent":0,"menu_order":0,"comment_status":"closed","ping_status":"closed","template":"page-with-title","meta":{"footnotes":""},"class_list":["post-108","page","type-page","status-publish","hentry"],"_links":{"self":[{"href":"https:\/\/mjakmatma.pl\/en\/wp-json\/wp\/v2\/pages\/108","targetHints":{"allow":["GET"]}}],"collection":[{"href":"https:\/\/mjakmatma.pl\/en\/wp-json\/wp\/v2\/pages"}],"about":[{"href":"https:\/\/mjakmatma.pl\/en\/wp-json\/wp\/v2\/types\/page"}],"author":[{"embeddable":true,"href":"https:\/\/mjakmatma.pl\/en\/wp-json\/wp\/v2\/users\/1"}],"replies":[{"embeddable":true,"href":"https:\/\/mjakmatma.pl\/en\/wp-json\/wp\/v2\/comments?post=108"}],"version-history":[{"count":1,"href":"https:\/\/mjakmatma.pl\/en\/wp-json\/wp\/v2\/pages\/108\/revisions"}],"predecessor-version":[{"id":140,"href":"https:\/\/mjakmatma.pl\/en\/wp-json\/wp\/v2\/pages\/108\/revisions\/140"}],"wp:attachment":[{"href":"https:\/\/mjakmatma.pl\/en\/wp-json\/wp\/v2\/media?parent=108"}],"curies":[{"name":"wp","href":"https:\/\/api.w.org\/{rel}","templated":true}]}}